{"id":16840,"date":"2024-03-09T10:42:03","date_gmt":"2024-03-09T09:42:03","guid":{"rendered":"https:\/\/festmaringota.sk\/?page_id=16840"},"modified":"2026-03-15T00:14:39","modified_gmt":"2026-03-14T23:14:39","slug":"kontakt","status":"publish","type":"page","link":"https:\/\/festmaringota.sk\/sa\/kontakt\/","title":{"rendered":"KONTAKT"},"content":{"rendered":"\n<div class=\"wp-block-group has-global-padding is-layout-constrained wp-block-group-is-layout-constrained\" style=\"border-style:none;border-width:0px\">\n<p class=\"has-text-align-center has-inter-font-family\"><strong>info \/ n\u00e1vrhy \/ pripomienky<\/strong><\/p>\n\n\n\n<p class=\"has-text-align-center\">info@festmaringota.sk<\/p>\n\n\n\n<p class=\"has-text-align-center has-inter-font-family\"><strong>booking<\/strong><\/p>\n\n\n\n<p class=\"has-text-align-center\">booking@festmaringota.sk<\/p>\n\n\n\n<p class=\"has-text-align-center\"><strong>dobrovo\u013eln\u00edci \/ brig\u00e1dnici<\/strong><\/p>\n\n\n\n<p class=\"has-text-align-center\">hr@festmaringota.sk<\/p>\n<\/div>\n\n\n\n<h1 class=\"wp-block-heading has-text-align-center has-base-color has-text-color\" style=\"font-size:clamp(2.021rem, 2.021rem + ((1vw - 0.2rem) * 2.871), 3.6rem);font-style:normal;font-weight:400\">TEAM<\/h1>\n\n\n\n<div class=\"wp-block-columns alignwide is-layout-flex wp-container-core-columns-is-layout-28f84493 wp-block-columns-is-layout-flex\">\n<div class=\"wp-block-column is-layout-flow wp-block-column-is-layout-flow\" style=\"border-style:none;border-width:0px;padding-right:0;padding-left:0\">\n<p><strong>Marian Hrn\u010diar<\/strong> <\/p>\n\n\n\n<p>Partners\/ Hospitality<\/p>\n<\/div>\n\n\n\n<div class=\"wp-block-column is-layout-flow wp-block-column-is-layout-flow\" style=\"border-style:none;border-width:0px;padding-right:0;padding-left:0\">\n<p><strong>R\u00f3bert \u0160ohajda<\/strong><\/p>\n\n\n\n<p>Production<\/p>\n<\/div>\n\n\n\n<div class=\"wp-block-column is-layout-flow wp-block-column-is-layout-flow\" style=\"border-style:none;border-width:0px;padding-right:0;padding-left:0\">\n<p><strong>Adela \u0160ohajdov\u00e1<\/strong><\/p>\n\n\n\n<p>Booking<\/p>\n<\/div>\n<\/div>\n\n\n\n<div style=\"height:100px\" aria-hidden=\"true\" class=\"wp-block-spacer\"><\/div>\n\n\n\n<div class=\"wp-block-columns alignwide is-layout-flex wp-container-core-columns-is-layout-28f84493 wp-block-columns-is-layout-flex\">\n<div class=\"wp-block-column is-layout-flow wp-block-column-is-layout-flow\" style=\"border-style:none;border-width:0px\">\n<p><strong>Ondrej Hanzal\u00edk<\/strong><\/p>\n\n\n\n<p>Gastro<\/p>\n<\/div>\n\n\n\n<div class=\"wp-block-column is-layout-flow wp-block-column-is-layout-flow\" style=\"border-style:none;border-width:0px\">\n<p><strong>Jakub Nem\u010dovsk\u00fd<\/strong><\/p>\n\n\n\n<p>Areal \/ Cinema<\/p>\n<\/div>\n\n\n\n<div class=\"wp-block-column is-layout-flow wp-block-column-is-layout-flow\" style=\"border-style:none;border-width:0px\">\n<p><strong>Viliam Zaj\u00ed\u010dek<\/strong><\/p>\n\n\n\n<p> Architect\/ Visual identity<\/p>\n<\/div>\n<\/div>\n\n\n\n<div style=\"height:100px\" aria-hidden=\"true\" class=\"wp-block-spacer\"><\/div>\n\n\n\n<div class=\"wp-block-columns alignwide is-layout-flex wp-container-core-columns-is-layout-28f84493 wp-block-columns-is-layout-flex\">\n<div class=\"wp-block-column is-layout-flow wp-block-column-is-layout-flow\" style=\"border-style:none;border-width:0px\">\n<p><strong>Nat\u00e1lia Steingruberov\u00e1<\/strong><\/p>\n\n\n\n<p>Volunteers<\/p>\n<\/div>\n\n\n\n<div class=\"wp-block-column is-layout-flow wp-block-column-is-layout-flow\" style=\"border-style:none;border-width:0px\">\n<p><strong>Matej Krivsk\u00fd<\/strong><\/p>\n\n\n\n<p>Technical support<\/p>\n<\/div>\n\n\n\n<div class=\"wp-block-column is-layout-flow wp-block-column-is-layout-flow\" style=\"border-style:none;border-width:0px\">\n<p><strong>Lucia \u0160ohajdov\u00e1 &amp; Ivo Burcel <\/strong><\/p>\n\n\n\n<p>Graphic design<\/p>\n<\/div>\n<\/div>\n\n\n\n<div style=\"height:100px\" aria-hidden=\"true\" class=\"wp-block-spacer\"><\/div>\n\n\n\n<div class=\"wp-block-columns is-layout-flex wp-container-core-columns-is-layout-28f84493 wp-block-columns-is-layout-flex\">\n<div class=\"wp-block-column is-layout-flow wp-block-column-is-layout-flow\" style=\"border-style:none;border-width:0px\">\n<p><strong>Alexander Kupko<\/strong><\/p>\n\n\n\n<p>Socials<\/p>\n<\/div>\n\n\n\n<div class=\"wp-block-column is-layout-flow wp-block-column-is-layout-flow\" style=\"border-style:none;border-width:0px\">\n<p><strong>\u0160tefan Maren\u010d\u00e1k<\/strong><\/p>\n\n\n\n<p>Technical support<\/p>\n<\/div>\n<\/div>\n\n\n\n<div style=\"height:100px\" aria-hidden=\"true\" class=\"wp-block-spacer\"><\/div>\n\n\n\n<div class=\"wp-block-columns alignwide is-layout-flex wp-container-core-columns-is-layout-28f84493 wp-block-columns-is-layout-flex\">\n<div class=\"wp-block-column is-layout-flow wp-block-column-is-layout-flow\" style=\"border-style:none;border-width:0px\"><\/div>\n<\/div>\n\n\n\n<div class=\"wp-block-group has-base-color has-text-color has-link-color wp-elements-37a990299198bea0b778fa1ca0d40cd1 is-layout-flow wp-block-group-is-layout-flow\" style=\"border-style:none;border-width:0px\">\n<p class=\"has-text-align-center\"><strong>festival organizuje<\/strong><\/p>\n\n\n\n<p class=\"has-text-align-center\">CVJ Bar\u00e1k o. z.<\/p>\n\n\n\n<p class=\"has-text-align-center\">Z\u00e1poto\u010dn\u00e1 2471\/24 90901 Skalica<\/p>\n\n\n\n<p class=\"has-text-align-center\">I\u010cO 42292433<\/p>\n\n\n\n<p class=\"has-text-align-center\">DI\u010c 2024095645<\/p>\n<\/div>\n","protected":false},"excerpt":{"rendered":"<p>info \/ n\u00e1vrhy \/ pripomienky info@festmaringota.sk booking booking@festmaringota.sk dobrovo\u013eln\u00edci \/ brig\u00e1dnici hr@festmaringota.sk TEAM Marian Hrn\u010diar Partners\/ Hospitality R\u00f3bert \u0160ohajda Production Adela \u0160ohajdov\u00e1 Booking Ondrej Hanzal\u00edk Gastro Jakub Nem\u010dovsk\u00fd Areal \/ [&hellip;]<\/p>\n","protected":false},"author":2,"featured_media":0,"parent":0,"menu_order":0,"comment_status":"closed","ping_status":"closed","template":"","meta":{"_monsterinsights_skip_tracking":false,"_monsterinsights_sitenote_active":false,"_monsterinsights_sitenote_note":"","_monsterinsights_sitenote_category":0,"_EventAllDay":false,"_EventTimezone":"","_EventStartDate":"","_EventEndDate":"","_EventStartDateUTC":"","_EventEndDateUTC":"","_EventShowMap":false,"_EventShowMapLink":false,"_EventURL":"","_EventCost":"","_EventCostDescription":"","_EventCurrencySymbol":"","_EventCurrencyCode":"","_EventCurrencyPosition":"","_EventDateTimeSeparator":"","_EventTimeRangeSeparator":"","_EventOrganizerID":[],"_EventVenueID":[],"_OrganizerEmail":"","_OrganizerPhone":"","_OrganizerWebsite":"","_VenueAddress":"","_VenueCity":"","_VenueCountry":"","_VenueProvince":"","_VenueState":"","_VenueZip":"","_VenuePhone":"","_VenueURL":"","_VenueStateProvince":"","_VenueLat":"","_VenueLng":"","_VenueShowMap":false,"_VenueShowMapLink":false,"_themeisle_gutenberg_block_has_review":false,"footnotes":""},"class_list":["post-16840","page","type-page","status-publish","hentry"],"translation":{"provider":"WPGlobus","version":"3.0.2","language":"sa","enabled_languages":["sk","en","sa"],"languages":{"sk":{"title":true,"content":true,"excerpt":false},"en":{"title":false,"content":false,"excerpt":false},"sa":{"title":false,"content":false,"excerpt":false}}},"yoast_head":"<!-- This site is optimized with the Yoast SEO plugin v27.3 - https:\/\/yoast.com\/product\/yoast-seo-wordpress\/ -->\n<title>\u2055 KONTAKT \u2055 FEST MARINGOTA 2026<\/title>\n<meta name=\"robots\" content=\"index, follow, max-snippet:-1, max-image-preview:large, max-video-preview:-1\" \/>\n<link rel=\"canonical\" href=\"https:\/\/festmaringota.sk\/kontakt\/\" \/>\n<meta property=\"og:locale\" content=\"sk_SK\" \/>\n<meta property=\"og:type\" content=\"article\" \/>\n<meta property=\"og:title\" content=\"\u2055 KONTAKT \u2055 FEST MARINGOTA 2026\" \/>\n<meta property=\"og:url\" content=\"https:\/\/festmaringota.sk\/kontakt\/\" \/>\n<meta property=\"og:site_name\" content=\"FEST MARINGOTA 2026\" \/>\n<meta property=\"article:publisher\" content=\"https:\/\/www.facebook.com\/MaringotaFest\" \/>\n<meta property=\"article:modified_time\" content=\"2026-03-14T23:14:39+00:00\" \/>\n<meta property=\"og:image\" content=\"https:\/\/festmaringota.sk\/wp-content\/uploads\/2025\/02\/IMG_0704.jpeg\" \/>\n\t<meta property=\"og:image:width\" content=\"1920\" \/>\n\t<meta property=\"og:image:height\" content=\"1005\" \/>\n\t<meta property=\"og:image:type\" content=\"image\/jpeg\" \/>\n<meta name=\"twitter:card\" content=\"summary_large_image\" \/>\n<meta name=\"twitter:label1\" content=\"Est. reading time\" \/>\n\t<meta name=\"twitter:data1\" content=\"1 minute\" \/>\n<script type=\"application\/ld+json\" class=\"yoast-schema-graph\">{\"@context\":\"https:\\\/\\\/schema.org\",\"@graph\":[{\"@type\":\"WebPage\",\"@id\":\"https:\\\/\\\/festmaringota.sk\\\/kontakt\\\/\",\"url\":\"https:\\\/\\\/festmaringota.sk\\\/kontakt\\\/\",\"name\":\"\u2055 KONTAKT \u2055 FEST MARINGOTA 2026\",\"isPartOf\":{\"@id\":\"https:\\\/\\\/festmaringota.sk\\\/#website\"},\"datePublished\":\"2024-03-09T09:42:03+00:00\",\"dateModified\":\"2026-03-14T23:14:39+00:00\",\"description\":\"info \\\/ n\u00e1vrhy \\\/ pripomienky info@festmaringota.sk booking booking@festmaringota.sk dobrovo\u013eln\u00edci \\\/ brig\u00e1dnici hr@festmaringota.sk TEAM Marian Hrn\u010diar\",\"breadcrumb\":{\"@id\":\"https:\\\/\\\/festmaringota.sk\\\/kontakt\\\/#breadcrumb\"},\"inLanguage\":\"sk-SKA\",\"potentialAction\":[{\"@type\":\"ReadAction\",\"target\":[\"https:\\\/\\\/festmaringota.sk\\\/kontakt\\\/\"]}]},{\"@type\":\"BreadcrumbList\",\"@id\":\"https:\\\/\\\/festmaringota.sk\\\/kontakt\\\/#breadcrumb\",\"itemListElement\":[{\"@type\":\"ListItem\",\"position\":1,\"name\":\"Domovsk\u00e1 str\u00e1nka\",\"item\":\"https:\\\/\\\/festmaringota.sk\\\/\"},{\"@type\":\"ListItem\",\"position\":2,\"name\":\"KONTAKT\"}]},{\"@type\":\"WebSite\",\"@id\":\"https:\\\/\\\/festmaringota.sk\\\/#website\",\"url\":\"https:\\\/\\\/festmaringota.sk\\\/\",\"name\":\"FEST MARINGOTA 2026\",\"description\":\"Fest hudba, Fest z\u00e1bava, Fest Maringota\",\"publisher\":{\"@id\":\"https:\\\/\\\/festmaringota.sk\\\/#organization\"},\"alternateName\":\"FEST MARINGOTA\",\"potentialAction\":[{\"@type\":\"SearchAction\",\"target\":{\"@type\":\"EntryPoint\",\"urlTemplate\":\"https:\\\/\\\/festmaringota.sk\\\/?s={search_term_string}\"},\"query-input\":{\"@type\":\"PropertyValueSpecification\",\"valueRequired\":true,\"valueName\":\"search_term_string\"}}],\"inLanguage\":\"sk-SKA\"},{\"@type\":\"Organization\",\"@id\":\"https:\\\/\\\/festmaringota.sk\\\/#organization\",\"name\":\"Fest Maringota\",\"alternateName\":\"maringota fest\",\"url\":\"https:\\\/\\\/festmaringota.sk\\\/\",\"logo\":{\"@type\":\"ImageObject\",\"inLanguage\":\"sk-SKA\",\"@id\":\"https:\\\/\\\/festmaringota.sk\\\/#\\\/schema\\\/logo\\\/image\\\/\",\"url\":\"https:\\\/\\\/festmaringota.sk\\\/wp-content\\\/uploads\\\/2023\\\/01\\\/cropped-maringota-logo-2.png\",\"contentUrl\":\"https:\\\/\\\/festmaringota.sk\\\/wp-content\\\/uploads\\\/2023\\\/01\\\/cropped-maringota-logo-2.png\",\"width\":512,\"height\":512,\"caption\":\"Fest Maringota\"},\"image\":{\"@id\":\"https:\\\/\\\/festmaringota.sk\\\/#\\\/schema\\\/logo\\\/image\\\/\"},\"sameAs\":[\"https:\\\/\\\/www.facebook.com\\\/MaringotaFest\",\"https:\\\/\\\/www.instagram.com\\\/festmaringota\\\/\"]}]}<\/script>\n<!-- \/ Yoast SEO plugin. -->","yoast_head_json":{"title":"\u2055 KONTAKT \u2055 FEST MARINGOTA 2026","robots":{"index":"index","follow":"follow","max-snippet":"max-snippet:-1","max-image-preview":"max-image-preview:large","max-video-preview":"max-video-preview:-1"},"canonical":"https:\/\/festmaringota.sk\/kontakt\/","og_locale":"sk_SK","og_type":"article","og_title":"\u2055 KONTAKT \u2055 FEST MARINGOTA 2026","og_url":"https:\/\/festmaringota.sk\/kontakt\/","og_site_name":"FEST MARINGOTA 2026","article_publisher":"https:\/\/www.facebook.com\/MaringotaFest","article_modified_time":"2026-03-14T23:14:39+00:00","og_image":[{"width":1920,"height":1005,"url":"https:\/\/festmaringota.sk\/wp-content\/uploads\/2025\/02\/IMG_0704.jpeg","type":"image\/jpeg"}],"twitter_card":"summary_large_image","twitter_misc":{"Est. reading time":"1 minute"},"schema":{"@context":"https:\/\/schema.org","@graph":[{"@type":"WebPage","@id":"https:\/\/festmaringota.sk\/kontakt\/","url":"https:\/\/festmaringota.sk\/kontakt\/","name":"\u2055 KONTAKT \u2055 FEST MARINGOTA 2026","isPartOf":{"@id":"https:\/\/festmaringota.sk\/#website"},"datePublished":"2024-03-09T09:42:03+00:00","dateModified":"2026-03-14T23:14:39+00:00","description":"info \/ n\u00e1vrhy \/ pripomienky info@festmaringota.sk booking booking@festmaringota.sk dobrovo\u013eln\u00edci \/ brig\u00e1dnici hr@festmaringota.sk TEAM Marian Hrn\u010diar","breadcrumb":{"@id":"https:\/\/festmaringota.sk\/kontakt\/#breadcrumb"},"inLanguage":"sk-SKA","potentialAction":[{"@type":"ReadAction","target":["https:\/\/festmaringota.sk\/kontakt\/"]}]},{"@type":"BreadcrumbList","@id":"https:\/\/festmaringota.sk\/kontakt\/#breadcrumb","itemListElement":[{"@type":"ListItem","position":1,"name":"Domovsk\u00e1 str\u00e1nka","item":"https:\/\/festmaringota.sk\/"},{"@type":"ListItem","position":2,"name":"KONTAKT"}]},{"@type":"WebSite","@id":"https:\/\/festmaringota.sk\/#website","url":"https:\/\/festmaringota.sk\/","name":"FEST MARINGOTA 2026","description":"Fest hudba, Fest z\u00e1bava, Fest Maringota","publisher":{"@id":"https:\/\/festmaringota.sk\/#organization"},"alternateName":"FEST MARINGOTA","potentialAction":[{"@type":"SearchAction","target":{"@type":"EntryPoint","urlTemplate":"https:\/\/festmaringota.sk\/?s={search_term_string}"},"query-input":{"@type":"PropertyValueSpecification","valueRequired":true,"valueName":"search_term_string"}}],"inLanguage":"sk-SKA"},{"@type":"Organization","@id":"https:\/\/festmaringota.sk\/#organization","name":"Fest Maringota","alternateName":"maringota fest","url":"https:\/\/festmaringota.sk\/","logo":{"@type":"ImageObject","inLanguage":"sk-SKA","@id":"https:\/\/festmaringota.sk\/#\/schema\/logo\/image\/","url":"https:\/\/festmaringota.sk\/wp-content\/uploads\/2023\/01\/cropped-maringota-logo-2.png","contentUrl":"https:\/\/festmaringota.sk\/wp-content\/uploads\/2023\/01\/cropped-maringota-logo-2.png","width":512,"height":512,"caption":"Fest Maringota"},"image":{"@id":"https:\/\/festmaringota.sk\/#\/schema\/logo\/image\/"},"sameAs":["https:\/\/www.facebook.com\/MaringotaFest","https:\/\/www.instagram.com\/festmaringota\/"]}]}},"_links":{"self":[{"href":"https:\/\/festmaringota.sk\/sa\/wp-json\/wp\/v2\/pages\/16840","targetHints":{"allow":["GET"]}}],"collection":[{"href":"https:\/\/festmaringota.sk\/sa\/wp-json\/wp\/v2\/pages"}],"about":[{"href":"https:\/\/festmaringota.sk\/sa\/wp-json\/wp\/v2\/types\/page"}],"author":[{"embeddable":true,"href":"https:\/\/festmaringota.sk\/sa\/wp-json\/wp\/v2\/users\/2"}],"replies":[{"embeddable":true,"href":"https:\/\/festmaringota.sk\/sa\/wp-json\/wp\/v2\/comments?post=16840"}],"version-history":[{"count":5,"href":"https:\/\/festmaringota.sk\/sa\/wp-json\/wp\/v2\/pages\/16840\/revisions"}],"predecessor-version":[{"id":17584,"href":"https:\/\/festmaringota.sk\/sa\/wp-json\/wp\/v2\/pages\/16840\/revisions\/17584"}],"wp:attachment":[{"href":"https:\/\/festmaringota.sk\/sa\/wp-json\/wp\/v2\/media?parent=16840"}],"curies":[{"name":"wp","href":"https:\/\/api.w.org\/{rel}","templated":true}]}}