{"id":17787,"date":"2026-05-03T22:19:38","date_gmt":"2026-05-03T20:19:38","guid":{"rendered":"https:\/\/festmaringota.sk\/?page_id=17787"},"modified":"2026-05-03T23:23:54","modified_gmt":"2026-05-03T21:23:54","slug":"aktuality","status":"publish","type":"page","link":"https:\/\/festmaringota.sk\/en\/aktuality\/","title":{"rendered":"AKTUALITY"},"content":{"rendered":"\n<div class=\"wp-block-query alignfull is-layout-flow wp-block-query-is-layout-flow\">\n<div class=\"wp-block-group alignfull is-layout-flow wp-block-group-is-layout-flow\" style=\"padding-top:0;padding-right:0;padding-bottom:0;padding-left:0\"><ul style=\"text-transform:none;\" class=\"wp-block-post-template is-layout-flow wp-block-post-template-is-layout-flow\"><li class=\"wp-block-post post-17789 post type-post status-publish format-standard has-post-thumbnail hentry category-aktuality tag-51 tag-aktuality\">\n\n<div class=\"wp-block-group is-layout-flow wp-block-group-is-layout-flow\" style=\"border-bottom-color:var(--wp--preset--color--base);border-bottom-width:1px\">\n<div class=\"wp-block-group is-content-justification-space-between is-nowrap is-layout-flex wp-container-core-group-is-layout-dd9de04e wp-block-group-is-layout-flex\" style=\"padding-top:16px;padding-right:16px;padding-bottom:16px;padding-left:16px\">\n<div class=\"wp-block-group is-nowrap is-layout-flex wp-container-core-group-is-layout-89a94f6a wp-block-group-is-layout-flex\">\n<p>\u2734\ufe0e<\/p>\n\n\n<div style=\"text-transform:uppercase; margin-top:0;margin-right:0;margin-bottom:0;margin-left:0;\" class=\"has-text-align-left has-link-color wp-elements-7a6f95e4ef8583f4feecb8a768960bb9 wp-block-post-date has-text-color has-base-color has-small-font-size\"><time datetime=\"2026-02-01T10:00:00+01:00\">Feb 1, 2026<\/time><\/div><\/div>\n\n\n<div style=\"text-transform:uppercase\" class=\"taxonomy-category has-link-color wp-elements-d96e35c19c7b3b58aeeb87b8fe270aec wp-block-post-terms has-text-color has-base-color\"><span class=\"wp-block-post-terms__prefix\">\u2734\ufe0e <\/span><a href=\"https:\/\/festmaringota.sk\/en\/category\/aktuality\/\" rel=\"tag\">aktuality<\/a><\/div><\/div>\n<\/div>\n\n\n\n<div class=\"wp-block-group is-vertical is-layout-flex wp-container-core-group-is-layout-4bcb09c9 wp-block-group-is-layout-flex\" style=\"padding-top:16px;padding-right:16px;padding-bottom:var(--wp--preset--spacing--70);padding-left:16px\">\n<div class=\"wp-block-columns is-layout-flex wp-container-core-columns-is-layout-28f84493 wp-block-columns-is-layout-flex\">\n<div class=\"wp-block-column is-layout-flow wp-block-column-is-layout-flow\" style=\"flex-basis:66.66%\"><h2 style=\"font-size:clamp(1.743rem, 1.743rem + ((1vw - 0.2rem) * 2.285), 3rem);font-style:normal;font-weight:500;line-height:1.1;text-transform:uppercase; margin-top:0;margin-right:0;margin-bottom:0;margin-left:0;\" class=\"has-link-color wp-elements-6f5778c6441f1d6788b3c7fbc67d705c wp-block-post-title has-text-color has-base-color\"><a href=\"https:\/\/festmaringota.sk\/en\/aktuality\/aj-tento-rok-skalicky-kamenolom-otvori-svoje-brany\/\" target=\"_self\" >Aj tento rok skalick\u00fd kame\u0148olom otvor\u00ed svoje br\u00e1ny nov\u00fdm z\u00e1\u017eitkom<\/a><\/h2><\/div>\n\n\n\n<div class=\"wp-block-column is-layout-flow wp-block-column-is-layout-flow\" style=\"flex-basis:33.33%\"><figure class=\"wp-block-post-featured-image\"><img loading=\"lazy\" decoding=\"async\" width=\"2048\" height=\"1367\" src=\"https:\/\/festmaringota.sk\/wp-content\/uploads\/2026\/05\/Maringota-kemp.jpg\" class=\"attachment-post-thumbnail size-post-thumbnail wp-post-image\" alt=\"\" style=\"object-fit:cover;\" srcset=\"https:\/\/festmaringota.sk\/wp-content\/uploads\/2026\/05\/Maringota-kemp.jpg 2048w, https:\/\/festmaringota.sk\/wp-content\/uploads\/2026\/05\/Maringota-kemp-300x200.jpg 300w, https:\/\/festmaringota.sk\/wp-content\/uploads\/2026\/05\/Maringota-kemp-1024x684.jpg 1024w, https:\/\/festmaringota.sk\/wp-content\/uploads\/2026\/05\/Maringota-kemp-768x513.jpg 768w, https:\/\/festmaringota.sk\/wp-content\/uploads\/2026\/05\/Maringota-kemp-1536x1025.jpg 1536w\" sizes=\"auto, (max-width: 2048px) 100vw, 2048px\" \/><\/figure><\/div>\n<\/div>\n<\/div>\n\n<\/li><\/ul><\/div>\n\n\n\n<div class=\"wp-block-group is-layout-flow wp-block-group-is-layout-flow\" style=\"margin-top:0;margin-bottom:0;padding-top:var(--wp--preset--spacing--30);padding-right:16px;padding-bottom:var(--wp--preset--spacing--30);padding-left:16px\"><\/div>\n<\/div>\n","protected":false},"excerpt":{"rendered":"","protected":false},"author":5,"featured_media":0,"parent":0,"menu_order":0,"comment_status":"closed","ping_status":"closed","template":"","meta":{"_monsterinsights_skip_tracking":false,"_monsterinsights_sitenote_active":false,"_monsterinsights_sitenote_note":"","_monsterinsights_sitenote_category":0,"_EventAllDay":false,"_EventTimezone":"","_EventStartDate":"","_EventEndDate":"","_EventStartDateUTC":"","_EventEndDateUTC":"","_EventShowMap":false,"_EventShowMapLink":false,"_EventURL":"","_EventCost":"","_EventCostDescription":"","_EventCurrencySymbol":"","_EventCurrencyCode":"","_EventCurrencyPosition":"","_EventDateTimeSeparator":"","_EventTimeRangeSeparator":"","_EventOrganizerID":[],"_EventVenueID":[],"_OrganizerEmail":"","_OrganizerPhone":"","_OrganizerWebsite":"","_VenueAddress":"","_VenueCity":"","_VenueCountry":"","_VenueProvince":"","_VenueState":"","_VenueZip":"","_VenuePhone":"","_VenueURL":"","_VenueStateProvince":"","_VenueLat":"","_VenueLng":"","_VenueShowMap":false,"_VenueShowMapLink":false,"_themeisle_gutenberg_block_has_review":false,"footnotes":""},"class_list":["post-17787","page","type-page","status-publish","hentry"],"translation":{"provider":"WPGlobus","version":"3.0.2","language":"en","enabled_languages":["sk","en","sa"],"languages":{"sk":{"title":true,"content":true,"excerpt":false},"en":{"title":false,"content":false,"excerpt":false},"sa":{"title":false,"content":false,"excerpt":false}}},"yoast_head":"<!-- This site is optimized with the Yoast SEO plugin v27.5 - https:\/\/yoast.com\/product\/yoast-seo-wordpress\/ -->\n<title>\u2055 AKTUALITY \u2055 FEST MARINGOTA 2026<\/title>\n<meta name=\"robots\" content=\"index, follow, max-snippet:-1, max-image-preview:large, max-video-preview:-1\" \/>\n<link rel=\"canonical\" href=\"https:\/\/festmaringota.sk\/aktuality\/\" \/>\n<meta property=\"og:locale\" content=\"en_US\" \/>\n<meta property=\"og:type\" content=\"article\" \/>\n<meta property=\"og:title\" content=\"\u2055 AKTUALITY \u2055 FEST MARINGOTA 2026\" \/>\n<meta property=\"og:url\" content=\"https:\/\/festmaringota.sk\/aktuality\/\" \/>\n<meta property=\"og:site_name\" content=\"FEST MARINGOTA 2026\" \/>\n<meta property=\"article:publisher\" content=\"https:\/\/www.facebook.com\/MaringotaFest\" \/>\n<meta property=\"article:modified_time\" content=\"2026-05-03T21:23:54+00:00\" \/>\n<meta property=\"og:image\" content=\"https:\/\/festmaringota.sk\/wp-content\/uploads\/2025\/02\/IMG_0704.jpeg\" \/>\n\t<meta property=\"og:image:width\" content=\"1920\" \/>\n\t<meta property=\"og:image:height\" content=\"1005\" \/>\n\t<meta property=\"og:image:type\" content=\"image\/jpeg\" \/>\n<meta name=\"twitter:card\" content=\"summary_large_image\" \/>\n<script type=\"application\/ld+json\" class=\"yoast-schema-graph\">{\"@context\":\"https:\\\/\\\/schema.org\",\"@graph\":[{\"@type\":\"WebPage\",\"@id\":\"https:\\\/\\\/festmaringota.sk\\\/aktuality\\\/\",\"url\":\"https:\\\/\\\/festmaringota.sk\\\/aktuality\\\/\",\"name\":\"\u2055 AKTUALITY \u2055 FEST MARINGOTA 2026\",\"isPartOf\":{\"@id\":\"https:\\\/\\\/festmaringota.sk\\\/#website\"},\"datePublished\":\"2026-05-03T20:19:38+00:00\",\"dateModified\":\"2026-05-03T21:23:54+00:00\",\"description\":\"V\u0161etko, \u010do sa udeje, m\u00e1 udia\u0165, alebo u\u017e udialo v skalickom kame\u0148olome (pod\u013ea toho, \u010di sa stihne\u0161 pozrie\u0165, k\u00fdm s\u00fa aktuality st\u00e1le aktu\u00e1lne)\",\"breadcrumb\":{\"@id\":\"https:\\\/\\\/festmaringota.sk\\\/aktuality\\\/#breadcrumb\"},\"inLanguage\":\"en-US\",\"potentialAction\":[{\"@type\":\"ReadAction\",\"target\":[\"https:\\\/\\\/festmaringota.sk\\\/aktuality\\\/\"]}]},{\"@type\":\"BreadcrumbList\",\"@id\":\"https:\\\/\\\/festmaringota.sk\\\/aktuality\\\/#breadcrumb\",\"itemListElement\":[{\"@type\":\"ListItem\",\"position\":1,\"name\":\"Domovsk\u00e1 str\u00e1nka\",\"item\":\"https:\\\/\\\/festmaringota.sk\\\/\"},{\"@type\":\"ListItem\",\"position\":2,\"name\":\"AKTUALITY\"}]},{\"@type\":\"WebSite\",\"@id\":\"https:\\\/\\\/festmaringota.sk\\\/#website\",\"url\":\"https:\\\/\\\/festmaringota.sk\\\/\",\"name\":\"FEST MARINGOTA 2026\",\"description\":\"Fest hudba, Fest z\u00e1bava, Fest Maringota\",\"publisher\":{\"@id\":\"https:\\\/\\\/festmaringota.sk\\\/#organization\"},\"alternateName\":\"FEST MARINGOTA\",\"potentialAction\":[{\"@type\":\"SearchAction\",\"target\":{\"@type\":\"EntryPoint\",\"urlTemplate\":\"https:\\\/\\\/festmaringota.sk\\\/?s={search_term_string}\"},\"query-input\":{\"@type\":\"PropertyValueSpecification\",\"valueRequired\":true,\"valueName\":\"search_term_string\"}}],\"inLanguage\":\"en-US\"},{\"@type\":\"Organization\",\"@id\":\"https:\\\/\\\/festmaringota.sk\\\/#organization\",\"name\":\"Fest Maringota\",\"alternateName\":\"maringota fest\",\"url\":\"https:\\\/\\\/festmaringota.sk\\\/\",\"logo\":{\"@type\":\"ImageObject\",\"inLanguage\":\"en-US\",\"@id\":\"https:\\\/\\\/festmaringota.sk\\\/#\\\/schema\\\/logo\\\/image\\\/\",\"url\":\"https:\\\/\\\/festmaringota.sk\\\/wp-content\\\/uploads\\\/2023\\\/01\\\/cropped-maringota-logo-2.png\",\"contentUrl\":\"https:\\\/\\\/festmaringota.sk\\\/wp-content\\\/uploads\\\/2023\\\/01\\\/cropped-maringota-logo-2.png\",\"width\":512,\"height\":512,\"caption\":\"Fest Maringota\"},\"image\":{\"@id\":\"https:\\\/\\\/festmaringota.sk\\\/#\\\/schema\\\/logo\\\/image\\\/\"},\"sameAs\":[\"https:\\\/\\\/www.facebook.com\\\/MaringotaFest\",\"https:\\\/\\\/www.instagram.com\\\/festmaringota\\\/\"]}]}<\/script>\n<!-- \/ Yoast SEO plugin. -->","yoast_head_json":{"title":"\u2055 AKTUALITY \u2055 FEST MARINGOTA 2026","robots":{"index":"index","follow":"follow","max-snippet":"max-snippet:-1","max-image-preview":"max-image-preview:large","max-video-preview":"max-video-preview:-1"},"canonical":"https:\/\/festmaringota.sk\/aktuality\/","og_locale":"en_US","og_type":"article","og_title":"\u2055 AKTUALITY \u2055 FEST MARINGOTA 2026","og_url":"https:\/\/festmaringota.sk\/aktuality\/","og_site_name":"FEST MARINGOTA 2026","article_publisher":"https:\/\/www.facebook.com\/MaringotaFest","article_modified_time":"2026-05-03T21:23:54+00:00","og_image":[{"width":1920,"height":1005,"url":"https:\/\/festmaringota.sk\/wp-content\/uploads\/2025\/02\/IMG_0704.jpeg","type":"image\/jpeg"}],"twitter_card":"summary_large_image","schema":{"@context":"https:\/\/schema.org","@graph":[{"@type":"WebPage","@id":"https:\/\/festmaringota.sk\/aktuality\/","url":"https:\/\/festmaringota.sk\/aktuality\/","name":"\u2055 AKTUALITY \u2055 FEST MARINGOTA 2026","isPartOf":{"@id":"https:\/\/festmaringota.sk\/#website"},"datePublished":"2026-05-03T20:19:38+00:00","dateModified":"2026-05-03T21:23:54+00:00","description":"V\u0161etko, \u010do sa udeje, m\u00e1 udia\u0165, alebo u\u017e udialo v skalickom kame\u0148olome (pod\u013ea toho, \u010di sa stihne\u0161 pozrie\u0165, k\u00fdm s\u00fa aktuality st\u00e1le aktu\u00e1lne)","breadcrumb":{"@id":"https:\/\/festmaringota.sk\/aktuality\/#breadcrumb"},"inLanguage":"en-US","potentialAction":[{"@type":"ReadAction","target":["https:\/\/festmaringota.sk\/aktuality\/"]}]},{"@type":"BreadcrumbList","@id":"https:\/\/festmaringota.sk\/aktuality\/#breadcrumb","itemListElement":[{"@type":"ListItem","position":1,"name":"Domovsk\u00e1 str\u00e1nka","item":"https:\/\/festmaringota.sk\/"},{"@type":"ListItem","position":2,"name":"AKTUALITY"}]},{"@type":"WebSite","@id":"https:\/\/festmaringota.sk\/#website","url":"https:\/\/festmaringota.sk\/","name":"FEST MARINGOTA 2026","description":"Fest hudba, Fest z\u00e1bava, Fest Maringota","publisher":{"@id":"https:\/\/festmaringota.sk\/#organization"},"alternateName":"FEST MARINGOTA","potentialAction":[{"@type":"SearchAction","target":{"@type":"EntryPoint","urlTemplate":"https:\/\/festmaringota.sk\/?s={search_term_string}"},"query-input":{"@type":"PropertyValueSpecification","valueRequired":true,"valueName":"search_term_string"}}],"inLanguage":"en-US"},{"@type":"Organization","@id":"https:\/\/festmaringota.sk\/#organization","name":"Fest Maringota","alternateName":"maringota fest","url":"https:\/\/festmaringota.sk\/","logo":{"@type":"ImageObject","inLanguage":"en-US","@id":"https:\/\/festmaringota.sk\/#\/schema\/logo\/image\/","url":"https:\/\/festmaringota.sk\/wp-content\/uploads\/2023\/01\/cropped-maringota-logo-2.png","contentUrl":"https:\/\/festmaringota.sk\/wp-content\/uploads\/2023\/01\/cropped-maringota-logo-2.png","width":512,"height":512,"caption":"Fest Maringota"},"image":{"@id":"https:\/\/festmaringota.sk\/#\/schema\/logo\/image\/"},"sameAs":["https:\/\/www.facebook.com\/MaringotaFest","https:\/\/www.instagram.com\/festmaringota\/"]}]}},"_links":{"self":[{"href":"https:\/\/festmaringota.sk\/en\/wp-json\/wp\/v2\/pages\/17787","targetHints":{"allow":["GET"]}}],"collection":[{"href":"https:\/\/festmaringota.sk\/en\/wp-json\/wp\/v2\/pages"}],"about":[{"href":"https:\/\/festmaringota.sk\/en\/wp-json\/wp\/v2\/types\/page"}],"author":[{"embeddable":true,"href":"https:\/\/festmaringota.sk\/en\/wp-json\/wp\/v2\/users\/5"}],"replies":[{"embeddable":true,"href":"https:\/\/festmaringota.sk\/en\/wp-json\/wp\/v2\/comments?post=17787"}],"version-history":[{"count":3,"href":"https:\/\/festmaringota.sk\/en\/wp-json\/wp\/v2\/pages\/17787\/revisions"}],"predecessor-version":[{"id":17806,"href":"https:\/\/festmaringota.sk\/en\/wp-json\/wp\/v2\/pages\/17787\/revisions\/17806"}],"wp:attachment":[{"href":"https:\/\/festmaringota.sk\/en\/wp-json\/wp\/v2\/media?parent=17787"}],"curies":[{"name":"wp","href":"https:\/\/api.w.org\/{rel}","templated":true}]}}