{"id":16237,"date":"2023-01-15T00:03:34","date_gmt":"2023-01-14T23:03:34","guid":{"rendered":"http:\/\/festmaringota.sk\/?page_id=16237"},"modified":"2026-03-15T19:30:21","modified_gmt":"2026-03-15T18:30:21","slug":"domov","status":"publish","type":"page","link":"https:\/\/festmaringota.sk\/en\/","title":{"rendered":"DOMOV"},"content":{"rendered":"\n<div class=\"wp-block-buttons is-content-justification-center is-layout-flex wp-container-core-buttons-is-layout-72caf8c6 wp-block-buttons-is-layout-flex\">\n<div class=\"wp-block-button\"><a class=\"wp-block-button__link has-base-color has-text-color has-link-color wp-element-button\" href=\"https:\/\/festmaringota.sk\/vstupenky\/\" style=\"border-radius:55px\"><strong>VSTUPENKY<\/strong><\/a><\/div>\n\n\n\n<div class=\"wp-block-button\"><a class=\"wp-block-button__link has-base-color has-text-color has-link-color wp-element-button\" href=\"http:\/\/festmaringota.sk\/wp-content\/uploads\/2026\/03\/2dane2025.pdf\" style=\"border-radius:45px\"><strong>2% z dane pre Fest Maringota<\/strong><\/a><\/div>\n<\/div>\n\n\n\n<h1 class=\"wp-block-heading has-text-align-center has-clash-display-font-family\" style=\"font-size:clamp(2.331rem, 2.331rem + ((1vw - 0.2rem) * 3.58), 4.3rem);\">FEST MARINGOTA<\/h1>\n\n\n\n<h2 class=\"wp-block-heading has-text-align-center has-xx-queen-font-family\" style=\"font-size:clamp(2.156rem, 2.156rem + ((1vw - 0.2rem) * 3.171), 3.9rem);font-style:normal;font-weight:400\">7. &#8211; 8. 8. 2026<\/h2>\n\n\n\n<div class=\"wp-block-group alignfull is-layout-flow wp-block-group-is-layout-flow\">\n<iframe style=\"height: auto; width: 100%; aspect-ratio: 16\/9;\" \n    src=\"https:\/\/www.youtube.com\/embed\/-ZM0fECJIHo?autoplay=1&#038;controls=0&#038;mute=1\" \n    title=\"YouTube video player\" \n    frameborder=\"0\" \n    allow=\"accelerometer; autoplay; clipboard-write; encrypted-media; gyroscope; picture-in-picture; web-share\" \n    referrerpolicy=\"strict-origin-when-cross-origin\" \n    allowfullscreen>\n<\/iframe>\n<\/div>\n","protected":false},"excerpt":{"rendered":"<p>FEST MARINGOTA 7. &#8211; 8. 8. 2026<\/p>\n","protected":false},"author":2,"featured_media":17106,"parent":0,"menu_order":0,"comment_status":"closed","ping_status":"closed","template":"","meta":{"_monsterinsights_skip_tracking":false,"_monsterinsights_sitenote_active":false,"_monsterinsights_sitenote_note":"","_monsterinsights_sitenote_category":0,"_EventAllDay":false,"_EventTimezone":"","_EventStartDate":"","_EventEndDate":"","_EventStartDateUTC":"","_EventEndDateUTC":"","_EventShowMap":false,"_EventShowMapLink":false,"_EventURL":"","_EventCost":"","_EventCostDescription":"","_EventCurrencySymbol":"","_EventCurrencyCode":"","_EventCurrencyPosition":"","_EventDateTimeSeparator":"","_EventTimeRangeSeparator":"","_EventOrganizerID":[],"_EventVenueID":[],"_OrganizerEmail":"","_OrganizerPhone":"","_OrganizerWebsite":"","_VenueAddress":"","_VenueCity":"","_VenueCountry":"","_VenueProvince":"","_VenueState":"","_VenueZip":"","_VenuePhone":"","_VenueURL":"","_VenueStateProvince":"","_VenueLat":"","_VenueLng":"","_VenueShowMap":false,"_VenueShowMapLink":false,"_themeisle_gutenberg_block_has_review":false,"footnotes":""},"class_list":["post-16237","page","type-page","status-publish","has-post-thumbnail","hentry"],"translation":{"provider":"WPGlobus","version":"3.0.2","language":"en","enabled_languages":["sk","en","sa"],"languages":{"sk":{"title":true,"content":true,"excerpt":false},"en":{"title":false,"content":true,"excerpt":false},"sa":{"title":false,"content":false,"excerpt":false}}},"yoast_head":"<!-- This site is optimized with the Yoast SEO plugin v27.3 - https:\/\/yoast.com\/product\/yoast-seo-wordpress\/ -->\n<title>Festival Maringota | 7. - 8. 8. 2026 Skalica<\/title>\n<meta name=\"robots\" content=\"index, follow, max-snippet:-1, max-image-preview:large, max-video-preview:-1\" \/>\n<link rel=\"canonical\" href=\"https:\/\/festmaringota.sk\/\" \/>\n<meta property=\"og:locale\" content=\"en_US\" \/>\n<meta property=\"og:type\" content=\"article\" \/>\n<meta property=\"og:title\" content=\"Fest Maringota | 2026 Skalica\" \/>\n<meta property=\"og:description\" content=\"Festival Maringota \/ Multi\u017e\u00e1nrov\u00fd hudobn\u00fd festival\/ 2025\/ Fest hudba, Fest z\u00e1bava, Fest Maringota \/ Pieskov\u00fd lom Skalica\" \/>\n<meta property=\"og:url\" content=\"https:\/\/festmaringota.sk\/\" \/>\n<meta property=\"og:site_name\" content=\"FEST MARINGOTA 2026\" \/>\n<meta property=\"article:publisher\" content=\"https:\/\/www.facebook.com\/MaringotaFest\" \/>\n<meta property=\"article:modified_time\" content=\"2026-03-15T18:30:21+00:00\" \/>\n<meta property=\"og:image\" content=\"https:\/\/festmaringota.sk\/wp-content\/uploads\/2025\/02\/IMG_0704.jpeg\" \/>\n\t<meta property=\"og:image:width\" content=\"1920\" \/>\n\t<meta property=\"og:image:height\" content=\"1005\" \/>\n\t<meta property=\"og:image:type\" content=\"image\/jpeg\" \/>\n<meta name=\"twitter:card\" content=\"summary_large_image\" \/>\n<meta name=\"twitter:label1\" content=\"Est. reading time\" \/>\n\t<meta name=\"twitter:data1\" content=\"1 minute\" \/>\n<script type=\"application\/ld+json\" class=\"yoast-schema-graph\">{\"@context\":\"https:\\\/\\\/schema.org\",\"@graph\":[{\"@type\":\"WebPage\",\"@id\":\"https:\\\/\\\/festmaringota.sk\\\/\",\"url\":\"https:\\\/\\\/festmaringota.sk\\\/\",\"name\":\"Festival Maringota | 7. - 8. 8. 2026 Skalica\",\"isPartOf\":{\"@id\":\"https:\\\/\\\/festmaringota.sk\\\/#website\"},\"primaryImageOfPage\":{\"@id\":\"https:\\\/\\\/festmaringota.sk\\\/#primaryimage\"},\"image\":{\"@id\":\"https:\\\/\\\/festmaringota.sk\\\/#primaryimage\"},\"thumbnailUrl\":\"https:\\\/\\\/festmaringota.sk\\\/wp-content\\\/uploads\\\/2025\\\/02\\\/IMG_0704.jpeg\",\"datePublished\":\"2023-01-14T23:03:34+00:00\",\"dateModified\":\"2026-03-15T18:30:21+00:00\",\"description\":\"Festival Maringota\\\/ Multi\u017e\u00e1nrov\u00fd hudobn\u00fd festival\\\/ pieskovcov\u00fd lom\\\/ Skalica\\\/ Fest hudba, Fest z\u00e1bava, Fest Maringota\",\"breadcrumb\":{\"@id\":\"https:\\\/\\\/festmaringota.sk\\\/#breadcrumb\"},\"inLanguage\":\"en-US\",\"potentialAction\":[{\"@type\":\"ReadAction\",\"target\":[\"https:\\\/\\\/festmaringota.sk\\\/\"]}]},{\"@type\":\"ImageObject\",\"inLanguage\":\"en-US\",\"@id\":\"https:\\\/\\\/festmaringota.sk\\\/#primaryimage\",\"url\":\"https:\\\/\\\/festmaringota.sk\\\/wp-content\\\/uploads\\\/2025\\\/02\\\/IMG_0704.jpeg\",\"contentUrl\":\"https:\\\/\\\/festmaringota.sk\\\/wp-content\\\/uploads\\\/2025\\\/02\\\/IMG_0704.jpeg\",\"width\":1920,\"height\":1005},{\"@type\":\"BreadcrumbList\",\"@id\":\"https:\\\/\\\/festmaringota.sk\\\/#breadcrumb\",\"itemListElement\":[{\"@type\":\"ListItem\",\"position\":1,\"name\":\"Domovsk\u00e1 str\u00e1nka\",\"item\":\"https:\\\/\\\/festmaringota.sk\\\/\"},{\"@type\":\"ListItem\",\"position\":2,\"name\":\"DOMOV\"}]},{\"@type\":\"WebSite\",\"@id\":\"https:\\\/\\\/festmaringota.sk\\\/#website\",\"url\":\"https:\\\/\\\/festmaringota.sk\\\/\",\"name\":\"FEST MARINGOTA 2026\",\"description\":\"Fest hudba, Fest z\u00e1bava, Fest Maringota\",\"publisher\":{\"@id\":\"https:\\\/\\\/festmaringota.sk\\\/#organization\"},\"alternateName\":\"FEST MARINGOTA\",\"potentialAction\":[{\"@type\":\"SearchAction\",\"target\":{\"@type\":\"EntryPoint\",\"urlTemplate\":\"https:\\\/\\\/festmaringota.sk\\\/?s={search_term_string}\"},\"query-input\":{\"@type\":\"PropertyValueSpecification\",\"valueRequired\":true,\"valueName\":\"search_term_string\"}}],\"inLanguage\":\"en-US\"},{\"@type\":\"Organization\",\"@id\":\"https:\\\/\\\/festmaringota.sk\\\/#organization\",\"name\":\"Fest Maringota\",\"alternateName\":\"maringota fest\",\"url\":\"https:\\\/\\\/festmaringota.sk\\\/\",\"logo\":{\"@type\":\"ImageObject\",\"inLanguage\":\"en-US\",\"@id\":\"https:\\\/\\\/festmaringota.sk\\\/#\\\/schema\\\/logo\\\/image\\\/\",\"url\":\"https:\\\/\\\/festmaringota.sk\\\/wp-content\\\/uploads\\\/2023\\\/01\\\/cropped-maringota-logo-2.png\",\"contentUrl\":\"https:\\\/\\\/festmaringota.sk\\\/wp-content\\\/uploads\\\/2023\\\/01\\\/cropped-maringota-logo-2.png\",\"width\":512,\"height\":512,\"caption\":\"Fest Maringota\"},\"image\":{\"@id\":\"https:\\\/\\\/festmaringota.sk\\\/#\\\/schema\\\/logo\\\/image\\\/\"},\"sameAs\":[\"https:\\\/\\\/www.facebook.com\\\/MaringotaFest\",\"https:\\\/\\\/www.instagram.com\\\/festmaringota\\\/\"]}]}<\/script>\n<!-- \/ Yoast SEO plugin. -->","yoast_head_json":{"title":"Festival Maringota | 7. - 8. 8. 2026 Skalica","robots":{"index":"index","follow":"follow","max-snippet":"max-snippet:-1","max-image-preview":"max-image-preview:large","max-video-preview":"max-video-preview:-1"},"canonical":"https:\/\/festmaringota.sk\/","og_locale":"en_US","og_type":"article","og_title":"Fest Maringota | 2026 Skalica","og_description":"Festival Maringota \/ Multi\u017e\u00e1nrov\u00fd hudobn\u00fd festival\/ 2025\/ Fest hudba, Fest z\u00e1bava, Fest Maringota \/ Pieskov\u00fd lom Skalica","og_url":"https:\/\/festmaringota.sk\/","og_site_name":"FEST MARINGOTA 2026","article_publisher":"https:\/\/www.facebook.com\/MaringotaFest","article_modified_time":"2026-03-15T18:30:21+00:00","og_image":[{"width":1920,"height":1005,"url":"https:\/\/festmaringota.sk\/wp-content\/uploads\/2025\/02\/IMG_0704.jpeg","type":"image\/jpeg"}],"twitter_card":"summary_large_image","twitter_misc":{"Est. reading time":"1 minute"},"schema":{"@context":"https:\/\/schema.org","@graph":[{"@type":"WebPage","@id":"https:\/\/festmaringota.sk\/","url":"https:\/\/festmaringota.sk\/","name":"Festival Maringota | 7. - 8. 8. 2026 Skalica","isPartOf":{"@id":"https:\/\/festmaringota.sk\/#website"},"primaryImageOfPage":{"@id":"https:\/\/festmaringota.sk\/#primaryimage"},"image":{"@id":"https:\/\/festmaringota.sk\/#primaryimage"},"thumbnailUrl":"https:\/\/festmaringota.sk\/wp-content\/uploads\/2025\/02\/IMG_0704.jpeg","datePublished":"2023-01-14T23:03:34+00:00","dateModified":"2026-03-15T18:30:21+00:00","description":"Festival Maringota\/ Multi\u017e\u00e1nrov\u00fd hudobn\u00fd festival\/ pieskovcov\u00fd lom\/ Skalica\/ Fest hudba, Fest z\u00e1bava, Fest Maringota","breadcrumb":{"@id":"https:\/\/festmaringota.sk\/#breadcrumb"},"inLanguage":"en-US","potentialAction":[{"@type":"ReadAction","target":["https:\/\/festmaringota.sk\/"]}]},{"@type":"ImageObject","inLanguage":"en-US","@id":"https:\/\/festmaringota.sk\/#primaryimage","url":"https:\/\/festmaringota.sk\/wp-content\/uploads\/2025\/02\/IMG_0704.jpeg","contentUrl":"https:\/\/festmaringota.sk\/wp-content\/uploads\/2025\/02\/IMG_0704.jpeg","width":1920,"height":1005},{"@type":"BreadcrumbList","@id":"https:\/\/festmaringota.sk\/#breadcrumb","itemListElement":[{"@type":"ListItem","position":1,"name":"Domovsk\u00e1 str\u00e1nka","item":"https:\/\/festmaringota.sk\/"},{"@type":"ListItem","position":2,"name":"DOMOV"}]},{"@type":"WebSite","@id":"https:\/\/festmaringota.sk\/#website","url":"https:\/\/festmaringota.sk\/","name":"FEST MARINGOTA 2026","description":"Fest hudba, Fest z\u00e1bava, Fest Maringota","publisher":{"@id":"https:\/\/festmaringota.sk\/#organization"},"alternateName":"FEST MARINGOTA","potentialAction":[{"@type":"SearchAction","target":{"@type":"EntryPoint","urlTemplate":"https:\/\/festmaringota.sk\/?s={search_term_string}"},"query-input":{"@type":"PropertyValueSpecification","valueRequired":true,"valueName":"search_term_string"}}],"inLanguage":"en-US"},{"@type":"Organization","@id":"https:\/\/festmaringota.sk\/#organization","name":"Fest Maringota","alternateName":"maringota fest","url":"https:\/\/festmaringota.sk\/","logo":{"@type":"ImageObject","inLanguage":"en-US","@id":"https:\/\/festmaringota.sk\/#\/schema\/logo\/image\/","url":"https:\/\/festmaringota.sk\/wp-content\/uploads\/2023\/01\/cropped-maringota-logo-2.png","contentUrl":"https:\/\/festmaringota.sk\/wp-content\/uploads\/2023\/01\/cropped-maringota-logo-2.png","width":512,"height":512,"caption":"Fest Maringota"},"image":{"@id":"https:\/\/festmaringota.sk\/#\/schema\/logo\/image\/"},"sameAs":["https:\/\/www.facebook.com\/MaringotaFest","https:\/\/www.instagram.com\/festmaringota\/"]}]}},"_links":{"self":[{"href":"https:\/\/festmaringota.sk\/en\/wp-json\/wp\/v2\/pages\/16237","targetHints":{"allow":["GET"]}}],"collection":[{"href":"https:\/\/festmaringota.sk\/en\/wp-json\/wp\/v2\/pages"}],"about":[{"href":"https:\/\/festmaringota.sk\/en\/wp-json\/wp\/v2\/types\/page"}],"author":[{"embeddable":true,"href":"https:\/\/festmaringota.sk\/en\/wp-json\/wp\/v2\/users\/2"}],"replies":[{"embeddable":true,"href":"https:\/\/festmaringota.sk\/en\/wp-json\/wp\/v2\/comments?post=16237"}],"version-history":[{"count":6,"href":"https:\/\/festmaringota.sk\/en\/wp-json\/wp\/v2\/pages\/16237\/revisions"}],"predecessor-version":[{"id":17678,"href":"https:\/\/festmaringota.sk\/en\/wp-json\/wp\/v2\/pages\/16237\/revisions\/17678"}],"wp:featuredmedia":[{"embeddable":true,"href":"https:\/\/festmaringota.sk\/en\/wp-json\/wp\/v2\/media\/17106"}],"wp:attachment":[{"href":"https:\/\/festmaringota.sk\/en\/wp-json\/wp\/v2\/media?parent=16237"}],"curies":[{"name":"wp","href":"https:\/\/api.w.org\/{rel}","templated":true}]}}