{"id":15511,"date":"2022-05-07T22:04:35","date_gmt":"2022-05-07T20:04:35","guid":{"rendered":"http:\/\/maringota.com\/?page_id=15511"},"modified":"2025-07-26T21:00:07","modified_gmt":"2025-07-26T19:00:07","slug":"info","status":"publish","type":"page","link":"https:\/\/festmaringota.sk\/en\/info\/","title":{"rendered":"INFO"},"content":{"rendered":"\n<div class=\"wp-block-group alignwide is-content-justification-center is-layout-flex wp-container-core-group-is-layout-81a7f686 wp-block-group-is-layout-flex\" id=\"poloha\">\n<div style=\"\n-webkit-filter: grayscale(100%);\nfilter: grayscale(100%);\">\n<iframe src=\"https:\/\/www.google.com\/maps\/embed?pb=!1m18!1m12!1m3!1d20374.942695024736!2d17.207637756752387!3d48.831740759699684!2m3!1f0!2f0!3f0!3m2!1i1024!2i768!4f13.1!3m3!1m2!1s0x0%3A0x55e9e477c6a68fc1!2sfest%20Maringota!5e0!3m2!1sen!2ssk!4v1651953665419!5m2!1sen!2ssk\" width=\"600\" height=\"400\" style=\"border:0;\" loading=\"lazy\" referrerpolicy=\"no-referrer-when-downgrade\"><\/iframe><\/div>\n\n\n\n<p class=\"has-base-color has-text-color has-link-color wp-elements-025f247b328ff61bb1f52a1773f7f396\">Festival sa nach\u00e1dza v b\u00fdvalom pieskovom lome vo vinohradn\u00edckej oblasti mesta Skalice na severoz\u00e1pade Slovenska. Okrem aplik\u00e1ci\u00ed V\u00e1s bud\u00fa navigova\u0165 aj smerovky k <a href=\"https:\/\/goo.gl\/maps\/9FPL4q3KQUCNnHhK9\" target=\"_blank\" rel=\"noreferrer noopener\"><strong>&#8220;R\u00e1zcestie pri golfovom ihrisku<\/strong><\/a><strong><a href=\"https:\/\/goo.gl\/maps\/9FPL4q3KQUCNnHhK9\" target=\"_blank\" rel=\"noreferrer noopener\">&#8220;<\/a><\/strong>, odkia\u013e bude \u010falej vyzna\u010den\u00e1 cesta na Maringotu.<\/p>\n<\/div>\n\n\n\n<div class=\"wp-block-group alignwide has-global-padding is-layout-constrained wp-block-group-is-layout-constrained\" id=\"mapa\">\n<h4 class=\"wp-block-heading has-text-align-center\" style=\"font-style:italic;font-weight:700\">MAPA<\/h4>\n\n\n\n<figure class=\"wp-block-image alignwide size-large\"><img loading=\"lazy\" decoding=\"async\" width=\"1024\" height=\"715\" src=\"http:\/\/festmaringota.sk\/wp-content\/uploads\/2025\/07\/IMG_0845-1024x715.png\" alt=\"\" class=\"wp-image-17433\" srcset=\"https:\/\/festmaringota.sk\/wp-content\/uploads\/2025\/07\/IMG_0845-1024x715.png 1024w, https:\/\/festmaringota.sk\/wp-content\/uploads\/2025\/07\/IMG_0845-300x210.png 300w, https:\/\/festmaringota.sk\/wp-content\/uploads\/2025\/07\/IMG_0845-768x536.png 768w, https:\/\/festmaringota.sk\/wp-content\/uploads\/2025\/07\/IMG_0845-1536x1073.png 1536w, https:\/\/festmaringota.sk\/wp-content\/uploads\/2025\/07\/IMG_0845-2048x1430.png 2048w\" sizes=\"auto, (max-width: 1024px) 100vw, 1024px\" \/><\/figure>\n<\/div>\n\n\n\n<div class=\"wp-block-group alignwide is-content-justification-center is-layout-flex wp-container-core-group-is-layout-81a7f686 wp-block-group-is-layout-flex\" id=\"doprava\">\n<h4 class=\"wp-block-heading has-text-align-center\" style=\"font-style:italic;font-weight:700\">DOPRAVA<\/h4>\n\n\n\n<div class=\"wp-block-media-text alignwide has-media-on-the-right is-stacked-on-mobile\"><div class=\"wp-block-media-text__content\">\n<p class=\"has-medium-font-size\">Na festival je mo\u017en\u00e9 pr\u00eds\u0165 r\u00f4znymi sp\u00f4sobmi. <\/p>\n\n\n\n<p class=\"has-medium-font-size\">V r\u00e1mci dopravy bude v spodnej \u010dasti festivalu zabezpe\u010den\u00e9 parkovisko pre n\u00e1v\u0161tevn\u00edkov. <\/p>\n\n\n\n<p>Priestor parkoviska je limitovan\u00fd a preto odpor\u00fa\u010dame v r\u00e1mci mo\u017enost\u00ed vyu\u017ei\u0165 in\u00e9 alternat\u00edvy<\/p>\n\n\n\n<p class=\"has-base-color has-text-color has-link-color wp-elements-37fd6b5c2851e09f966b6c1b1c0af835\">Na dopravu do lomu vo vinohradoch bude mo\u017en\u00e9 vyu\u017ei\u0165 lok\u00e1lne taxislu\u017eby. Cie\u013eov\u00e1 destin\u00e1cia je  <strong><a href=\"https:\/\/goo.gl\/maps\/9FPL4q3KQUCNnHhK9\">&#8220;R\u00e1zcestie nad golfov\u00fdm ihriskom&#8221;<\/a><\/strong><\/p>\n\n\n\n<p><strong>Odpor\u00fa\u010dame zelen\u00fa prepravu pe\u0161o alebo na bicykli. Cesta pe\u0161o z mesta trv\u00e1 pribli\u017ene 40 min\u00fat.<\/strong><\/p>\n<\/div><figure class=\"wp-block-media-text__media\"><img loading=\"lazy\" decoding=\"async\" width=\"1024\" height=\"715\" src=\"https:\/\/festmaringota.sk\/wp-content\/uploads\/2025\/07\/IMG_0850-1024x715.png\" alt=\"\" class=\"wp-image-17435 size-full\" srcset=\"https:\/\/festmaringota.sk\/wp-content\/uploads\/2025\/07\/IMG_0850-1024x715.png 1024w, https:\/\/festmaringota.sk\/wp-content\/uploads\/2025\/07\/IMG_0850-300x210.png 300w, https:\/\/festmaringota.sk\/wp-content\/uploads\/2025\/07\/IMG_0850-768x536.png 768w, https:\/\/festmaringota.sk\/wp-content\/uploads\/2025\/07\/IMG_0850-1536x1073.png 1536w, https:\/\/festmaringota.sk\/wp-content\/uploads\/2025\/07\/IMG_0850-2048x1430.png 2048w\" sizes=\"auto, (max-width: 1024px) 100vw, 1024px\" \/><\/figure><\/div>\n<\/div>\n\n\n\n<div class=\"wp-block-group alignwide is-content-justification-center is-layout-flex wp-container-core-group-is-layout-81a7f686 wp-block-group-is-layout-flex\" id=\"stan\">\n<h4 class=\"wp-block-heading has-text-align-center\" style=\"font-style:italic;font-weight:700\">UBYTOVANIE<\/h4>\n\n\n\n<div class=\"wp-block-media-text alignwide is-stacked-on-mobile\"><figure class=\"wp-block-media-text__media\"><img loading=\"lazy\" decoding=\"async\" width=\"1024\" height=\"715\" src=\"https:\/\/festmaringota.sk\/wp-content\/uploads\/2025\/07\/IMG_0846-1024x715.png\" alt=\"\" class=\"wp-image-17436 size-full\" srcset=\"https:\/\/festmaringota.sk\/wp-content\/uploads\/2025\/07\/IMG_0846-1024x715.png 1024w, https:\/\/festmaringota.sk\/wp-content\/uploads\/2025\/07\/IMG_0846-300x210.png 300w, https:\/\/festmaringota.sk\/wp-content\/uploads\/2025\/07\/IMG_0846-768x536.png 768w, https:\/\/festmaringota.sk\/wp-content\/uploads\/2025\/07\/IMG_0846-1536x1073.png 1536w, https:\/\/festmaringota.sk\/wp-content\/uploads\/2025\/07\/IMG_0846-2048x1430.png 2048w\" sizes=\"auto, (max-width: 1024px) 100vw, 1024px\" \/><\/figure><div class=\"wp-block-media-text__content\">\n<p class=\"has-base-color has-text-color has-link-color has-medium-font-size wp-elements-67ccb8022a46433b538f91291ef39bdc\">Priamo v are\u00e1li festivalu je pre v\u0161etk\u00fdch n\u00e1v\u0161tevn\u00edkov k dispoz\u00edcii stanov\u00e9 meste\u010dko s tr\u00e1vnat\u00fdm povrchom, vr\u00e1tane pitnej vody. Pre jeho vyu\u017eitie je potrebn\u00e9 rezervova\u0165 <a href=\"https:\/\/festmaringota.sk\/vstupenky\/\">camp pass zadarmo k vstupenke<\/a>.<\/p>\n<\/div><\/div>\n<\/div>\n\n\n\n<div class=\"wp-block-group alignwide is-content-justification-center is-layout-flex wp-container-core-group-is-layout-81a7f686 wp-block-group-is-layout-flex\" id=\"bezpe\u010dnos\u0165\">\n<h4 class=\"wp-block-heading has-text-align-center\" style=\"font-style:italic;font-weight:700\">BEZPE\u010cNOS\u0164<\/h4>\n\n\n\n<p>N\u00e1v\u0161tevn\u00edkov by sme chceli poprosi\u0165 v r\u00e1mci v\u0161eobecnej bezpe\u010dnosti a spokojnosti, aby do are\u00e1lu neprin\u00e1\u0161ali zbrane, v\u00fdbu\u0161niny, hor\u013eaviny a in\u00e9 nebezpe\u010dn\u00e9 l\u00e1tky. Drogy s\u00fa na festivale rovnako zak\u00e1zan\u00e9. Taktie\u017e by sme V\u00e1s chceli poprosi\u0165, aby ste do are\u00e1lu neprin\u00e1\u0161ali \u017dIADNE SKLO! Alkoholu bude k dispoz\u00edcii v na\u0161ich bufetoch dostatok.&nbsp;Pr\u00edtomnos\u0165 skla bude kontrolovan\u00e1 pri vstupe bezpe\u010dnostnou slu\u017ebou. Predov\u0161etk\u00fdm dbajte na svoju osobn\u00fa bezpe\u010dnos\u0165. \u010eakujeme za pochopenie!<\/p>\n<\/div>\n\n\n\n<div style=\"height:100px\" aria-hidden=\"true\" class=\"wp-block-spacer\"><\/div>\n","protected":false},"excerpt":{"rendered":"<p>Festival sa nach\u00e1dza v b\u00fdvalom pieskovom lome vo vinohradn\u00edckej oblasti mesta Skalice na severoz\u00e1pade Slovenska. Okrem aplik\u00e1ci\u00ed V\u00e1s bud\u00fa navigova\u0165 aj smerovky k &#8220;R\u00e1zcestie pri golfovom ihrisku&#8220;, odkia\u013e bude \u010falej [&hellip;]<\/p>\n","protected":false},"author":2,"featured_media":0,"parent":0,"menu_order":0,"comment_status":"closed","ping_status":"closed","template":"","meta":{"_monsterinsights_skip_tracking":false,"_monsterinsights_sitenote_active":false,"_monsterinsights_sitenote_note":"","_monsterinsights_sitenote_category":0,"_EventAllDay":false,"_EventTimezone":"","_EventStartDate":"","_EventEndDate":"","_EventStartDateUTC":"","_EventEndDateUTC":"","_EventShowMap":false,"_EventShowMapLink":false,"_EventURL":"","_EventCost":"","_EventCostDescription":"","_EventCurrencySymbol":"","_EventCurrencyCode":"","_EventCurrencyPosition":"","_EventDateTimeSeparator":"","_EventTimeRangeSeparator":"","_EventOrganizerID":[],"_EventVenueID":[],"_OrganizerEmail":"","_OrganizerPhone":"","_OrganizerWebsite":"","_VenueAddress":"","_VenueCity":"","_VenueCountry":"","_VenueProvince":"","_VenueState":"","_VenueZip":"","_VenuePhone":"","_VenueURL":"","_VenueStateProvince":"","_VenueLat":"","_VenueLng":"","_VenueShowMap":false,"_VenueShowMapLink":false,"_themeisle_gutenberg_block_has_review":false,"footnotes":""},"class_list":["post-15511","page","type-page","status-publish","hentry"],"translation":{"provider":"WPGlobus","version":"3.0.2","language":"en","enabled_languages":["sk","en","sa"],"languages":{"sk":{"title":true,"content":true,"excerpt":false},"en":{"title":false,"content":false,"excerpt":false},"sa":{"title":false,"content":false,"excerpt":false}}},"yoast_head":"<!-- This site is optimized with the Yoast SEO plugin v27.3 - https:\/\/yoast.com\/product\/yoast-seo-wordpress\/ -->\n<title>Info | Festival Maringota<\/title>\n<meta name=\"robots\" content=\"index, follow, max-snippet:-1, max-image-preview:large, max-video-preview:-1\" \/>\n<link rel=\"canonical\" href=\"https:\/\/festmaringota.sk\/info\/\" \/>\n<meta property=\"og:locale\" content=\"en_US\" \/>\n<meta property=\"og:type\" content=\"article\" \/>\n<meta property=\"og:title\" content=\"Info\/ Festival Maringota\" \/>\n<meta property=\"og:description\" content=\"Festival Maringota \/ Multi\u017e\u00e1nrov\u00fd hudobn\u00fd festival\/ 18. 8. - 20. 8. 2023 \/ 10. jubilejn\u00fd ro\u010dn\u00edk \/ Doprava, ubytovanie...\" \/>\n<meta property=\"og:url\" content=\"https:\/\/festmaringota.sk\/info\/\" \/>\n<meta property=\"og:site_name\" content=\"FEST MARINGOTA 2026\" \/>\n<meta property=\"article:publisher\" content=\"https:\/\/www.facebook.com\/MaringotaFest\" \/>\n<meta property=\"article:modified_time\" content=\"2025-07-26T19:00:07+00:00\" \/>\n<meta property=\"og:image\" content=\"http:\/\/festmaringota.sk\/wp-content\/uploads\/2022\/12\/Banner-1024x536.jpg\" \/>\n\t<meta property=\"og:image:width\" content=\"1920\" \/>\n\t<meta property=\"og:image:height\" content=\"1005\" \/>\n\t<meta property=\"og:image:type\" content=\"image\/jpeg\" \/>\n<meta name=\"twitter:card\" content=\"summary_large_image\" \/>\n<meta name=\"twitter:label1\" content=\"Est. reading time\" \/>\n\t<meta name=\"twitter:data1\" content=\"2 minutes\" \/>\n<script type=\"application\/ld+json\" class=\"yoast-schema-graph\">{\"@context\":\"https:\\\/\\\/schema.org\",\"@graph\":[{\"@type\":\"WebPage\",\"@id\":\"https:\\\/\\\/festmaringota.sk\\\/info\\\/\",\"url\":\"https:\\\/\\\/festmaringota.sk\\\/info\\\/\",\"name\":\"Info | Festival Maringota\",\"isPartOf\":{\"@id\":\"https:\\\/\\\/festmaringota.sk\\\/#website\"},\"primaryImageOfPage\":{\"@id\":\"https:\\\/\\\/festmaringota.sk\\\/info\\\/#primaryimage\"},\"image\":{\"@id\":\"https:\\\/\\\/festmaringota.sk\\\/info\\\/#primaryimage\"},\"thumbnailUrl\":\"http:\\\/\\\/festmaringota.sk\\\/wp-content\\\/uploads\\\/2025\\\/07\\\/IMG_0845-1024x715.png\",\"datePublished\":\"2022-05-07T20:04:35+00:00\",\"dateModified\":\"2025-07-26T19:00:07+00:00\",\"description\":\"Festival Maringota \\\/ Multi\u017e\u00e1nrov\u00fd hudobn\u00fd festival\\\/ 18. 8. - 20. 8. 2023 \\\/ 10. jubilejn\u00fd ro\u010dn\u00edk \\\/ Doprava, ubytovanie...\",\"breadcrumb\":{\"@id\":\"https:\\\/\\\/festmaringota.sk\\\/info\\\/#breadcrumb\"},\"inLanguage\":\"en-US\",\"potentialAction\":[{\"@type\":\"ReadAction\",\"target\":[\"https:\\\/\\\/festmaringota.sk\\\/info\\\/\"]}]},{\"@type\":\"ImageObject\",\"inLanguage\":\"en-US\",\"@id\":\"https:\\\/\\\/festmaringota.sk\\\/info\\\/#primaryimage\",\"url\":\"http:\\\/\\\/festmaringota.sk\\\/wp-content\\\/uploads\\\/2025\\\/07\\\/IMG_0845-1024x715.png\",\"contentUrl\":\"http:\\\/\\\/festmaringota.sk\\\/wp-content\\\/uploads\\\/2025\\\/07\\\/IMG_0845-1024x715.png\"},{\"@type\":\"BreadcrumbList\",\"@id\":\"https:\\\/\\\/festmaringota.sk\\\/info\\\/#breadcrumb\",\"itemListElement\":[{\"@type\":\"ListItem\",\"position\":1,\"name\":\"Domovsk\u00e1 str\u00e1nka\",\"item\":\"https:\\\/\\\/festmaringota.sk\\\/\"},{\"@type\":\"ListItem\",\"position\":2,\"name\":\"INFO\"}]},{\"@type\":\"WebSite\",\"@id\":\"https:\\\/\\\/festmaringota.sk\\\/#website\",\"url\":\"https:\\\/\\\/festmaringota.sk\\\/\",\"name\":\"FEST MARINGOTA 2026\",\"description\":\"Fest hudba, Fest z\u00e1bava, Fest Maringota\",\"publisher\":{\"@id\":\"https:\\\/\\\/festmaringota.sk\\\/#organization\"},\"alternateName\":\"FEST MARINGOTA\",\"potentialAction\":[{\"@type\":\"SearchAction\",\"target\":{\"@type\":\"EntryPoint\",\"urlTemplate\":\"https:\\\/\\\/festmaringota.sk\\\/?s={search_term_string}\"},\"query-input\":{\"@type\":\"PropertyValueSpecification\",\"valueRequired\":true,\"valueName\":\"search_term_string\"}}],\"inLanguage\":\"en-US\"},{\"@type\":\"Organization\",\"@id\":\"https:\\\/\\\/festmaringota.sk\\\/#organization\",\"name\":\"Fest Maringota\",\"alternateName\":\"maringota fest\",\"url\":\"https:\\\/\\\/festmaringota.sk\\\/\",\"logo\":{\"@type\":\"ImageObject\",\"inLanguage\":\"en-US\",\"@id\":\"https:\\\/\\\/festmaringota.sk\\\/#\\\/schema\\\/logo\\\/image\\\/\",\"url\":\"https:\\\/\\\/festmaringota.sk\\\/wp-content\\\/uploads\\\/2023\\\/01\\\/cropped-maringota-logo-2.png\",\"contentUrl\":\"https:\\\/\\\/festmaringota.sk\\\/wp-content\\\/uploads\\\/2023\\\/01\\\/cropped-maringota-logo-2.png\",\"width\":512,\"height\":512,\"caption\":\"Fest Maringota\"},\"image\":{\"@id\":\"https:\\\/\\\/festmaringota.sk\\\/#\\\/schema\\\/logo\\\/image\\\/\"},\"sameAs\":[\"https:\\\/\\\/www.facebook.com\\\/MaringotaFest\",\"https:\\\/\\\/www.instagram.com\\\/festmaringota\\\/\"]}]}<\/script>\n<!-- \/ Yoast SEO plugin. -->","yoast_head_json":{"title":"Info | Festival Maringota","robots":{"index":"index","follow":"follow","max-snippet":"max-snippet:-1","max-image-preview":"max-image-preview:large","max-video-preview":"max-video-preview:-1"},"canonical":"https:\/\/festmaringota.sk\/info\/","og_locale":"en_US","og_type":"article","og_title":"Info\/ Festival Maringota","og_description":"Festival Maringota \/ Multi\u017e\u00e1nrov\u00fd hudobn\u00fd festival\/ 18. 8. - 20. 8. 2023 \/ 10. jubilejn\u00fd ro\u010dn\u00edk \/ Doprava, ubytovanie...","og_url":"https:\/\/festmaringota.sk\/info\/","og_site_name":"FEST MARINGOTA 2026","article_publisher":"https:\/\/www.facebook.com\/MaringotaFest","article_modified_time":"2025-07-26T19:00:07+00:00","og_image":[{"width":1920,"height":1005,"url":"http:\/\/festmaringota.sk\/wp-content\/uploads\/2022\/12\/Banner-1024x536.jpg","type":"image\/jpeg"}],"twitter_card":"summary_large_image","twitter_misc":{"Est. reading time":"2 minutes"},"schema":{"@context":"https:\/\/schema.org","@graph":[{"@type":"WebPage","@id":"https:\/\/festmaringota.sk\/info\/","url":"https:\/\/festmaringota.sk\/info\/","name":"Info | Festival Maringota","isPartOf":{"@id":"https:\/\/festmaringota.sk\/#website"},"primaryImageOfPage":{"@id":"https:\/\/festmaringota.sk\/info\/#primaryimage"},"image":{"@id":"https:\/\/festmaringota.sk\/info\/#primaryimage"},"thumbnailUrl":"http:\/\/festmaringota.sk\/wp-content\/uploads\/2025\/07\/IMG_0845-1024x715.png","datePublished":"2022-05-07T20:04:35+00:00","dateModified":"2025-07-26T19:00:07+00:00","description":"Festival Maringota \/ Multi\u017e\u00e1nrov\u00fd hudobn\u00fd festival\/ 18. 8. - 20. 8. 2023 \/ 10. jubilejn\u00fd ro\u010dn\u00edk \/ Doprava, ubytovanie...","breadcrumb":{"@id":"https:\/\/festmaringota.sk\/info\/#breadcrumb"},"inLanguage":"en-US","potentialAction":[{"@type":"ReadAction","target":["https:\/\/festmaringota.sk\/info\/"]}]},{"@type":"ImageObject","inLanguage":"en-US","@id":"https:\/\/festmaringota.sk\/info\/#primaryimage","url":"http:\/\/festmaringota.sk\/wp-content\/uploads\/2025\/07\/IMG_0845-1024x715.png","contentUrl":"http:\/\/festmaringota.sk\/wp-content\/uploads\/2025\/07\/IMG_0845-1024x715.png"},{"@type":"BreadcrumbList","@id":"https:\/\/festmaringota.sk\/info\/#breadcrumb","itemListElement":[{"@type":"ListItem","position":1,"name":"Domovsk\u00e1 str\u00e1nka","item":"https:\/\/festmaringota.sk\/"},{"@type":"ListItem","position":2,"name":"INFO"}]},{"@type":"WebSite","@id":"https:\/\/festmaringota.sk\/#website","url":"https:\/\/festmaringota.sk\/","name":"FEST MARINGOTA 2026","description":"Fest hudba, Fest z\u00e1bava, Fest Maringota","publisher":{"@id":"https:\/\/festmaringota.sk\/#organization"},"alternateName":"FEST MARINGOTA","potentialAction":[{"@type":"SearchAction","target":{"@type":"EntryPoint","urlTemplate":"https:\/\/festmaringota.sk\/?s={search_term_string}"},"query-input":{"@type":"PropertyValueSpecification","valueRequired":true,"valueName":"search_term_string"}}],"inLanguage":"en-US"},{"@type":"Organization","@id":"https:\/\/festmaringota.sk\/#organization","name":"Fest Maringota","alternateName":"maringota fest","url":"https:\/\/festmaringota.sk\/","logo":{"@type":"ImageObject","inLanguage":"en-US","@id":"https:\/\/festmaringota.sk\/#\/schema\/logo\/image\/","url":"https:\/\/festmaringota.sk\/wp-content\/uploads\/2023\/01\/cropped-maringota-logo-2.png","contentUrl":"https:\/\/festmaringota.sk\/wp-content\/uploads\/2023\/01\/cropped-maringota-logo-2.png","width":512,"height":512,"caption":"Fest Maringota"},"image":{"@id":"https:\/\/festmaringota.sk\/#\/schema\/logo\/image\/"},"sameAs":["https:\/\/www.facebook.com\/MaringotaFest","https:\/\/www.instagram.com\/festmaringota\/"]}]}},"_links":{"self":[{"href":"https:\/\/festmaringota.sk\/en\/wp-json\/wp\/v2\/pages\/15511","targetHints":{"allow":["GET"]}}],"collection":[{"href":"https:\/\/festmaringota.sk\/en\/wp-json\/wp\/v2\/pages"}],"about":[{"href":"https:\/\/festmaringota.sk\/en\/wp-json\/wp\/v2\/types\/page"}],"author":[{"embeddable":true,"href":"https:\/\/festmaringota.sk\/en\/wp-json\/wp\/v2\/users\/2"}],"replies":[{"embeddable":true,"href":"https:\/\/festmaringota.sk\/en\/wp-json\/wp\/v2\/comments?post=15511"}],"version-history":[{"count":6,"href":"https:\/\/festmaringota.sk\/en\/wp-json\/wp\/v2\/pages\/15511\/revisions"}],"predecessor-version":[{"id":17444,"href":"https:\/\/festmaringota.sk\/en\/wp-json\/wp\/v2\/pages\/15511\/revisions\/17444"}],"wp:attachment":[{"href":"https:\/\/festmaringota.sk\/en\/wp-json\/wp\/v2\/media?parent=15511"}],"curies":[{"name":"wp","href":"https:\/\/api.w.org\/{rel}","templated":true}]}}